{"id":488,"date":"2025-12-05T21:37:38","date_gmt":"2025-12-05T21:37:38","guid":{"rendered":"https:\/\/e-munis.com\/?page_id=488"},"modified":"2025-12-05T21:49:19","modified_gmt":"2025-12-05T21:49:19","slug":"nosotros","status":"publish","type":"page","link":"https:\/\/e-munis.com\/?page_id=488","title":{"rendered":"Nosotros"},"content":{"rendered":"\t\t<div data-elementor-type=\"wp-page\" data-elementor-id=\"488\" class=\"elementor elementor-488\" data-elementor-post-type=\"page\">\n\t\t\t\t<div class=\"elementor-element elementor-element-1873a1b e-flex e-con-boxed elementor-invisible e-con e-parent\" data-id=\"1873a1b\" data-element_type=\"container\" data-settings=\"{&quot;animation&quot;:&quot;fadeInLeft&quot;}\">\n\t\t\t\t\t<div class=\"e-con-inner\">\n\t\t\t\t<div class=\"elementor-element elementor-element-9e80964 elementor-widget elementor-widget-heading\" data-id=\"9e80964\" data-element_type=\"widget\" data-widget_type=\"heading.default\">\n\t\t\t\t\t<h2 class=\"elementor-heading-title elementor-size-default\">Nosotros<\/h2>\t\t\t\t<\/div>\n\t\t\t\t<div class=\"elementor-element elementor-element-3aa9d0b elementor-widget elementor-widget-text-editor\" data-id=\"3aa9d0b\" data-element_type=\"widget\" data-widget_type=\"text-editor.default\">\n\t\t\t\t\t\t\t\t\tPanama Asesores, S.A., es una empresa paname\u00f1a con m\u00e1s de 15 a\u00f1os en el mercado local e internacional, con presencia comercial en Centro y Sur Am\u00e9rica, prest\u00e1ndole servicios digitales y soluciones tecnol\u00f3gicas a diferentes Gobiernos Locales ya sea Municipales y\/o Gobernaciones.\t\t\t\t\t\t\t\t<\/div>\n\t\t\t\t\t<\/div>\n\t\t\t\t<\/div>\n\t\t<div class=\"elementor-element elementor-element-f7c3473 e-flex e-con-boxed elementor-invisible e-con e-parent\" data-id=\"f7c3473\" data-element_type=\"container\" data-settings=\"{&quot;animation&quot;:&quot;fadeInRight&quot;}\">\n\t\t\t\t\t<div class=\"e-con-inner\">\n\t\t<div class=\"elementor-element elementor-element-a69f180 e-con-full e-flex e-con e-child\" data-id=\"a69f180\" data-element_type=\"container\">\n\t\t\t\t<div class=\"elementor-element elementor-element-5641382 elementor-widget elementor-widget-heading\" data-id=\"5641382\" data-element_type=\"widget\" data-widget_type=\"heading.default\">\n\t\t\t\t\t<h2 class=\"elementor-heading-title elementor-size-default\">Misi\u00f3n<\/h2>\t\t\t\t<\/div>\n\t\t\t\t<div class=\"elementor-element elementor-element-4402091 elementor-widget elementor-widget-text-editor\" data-id=\"4402091\" data-element_type=\"widget\" data-widget_type=\"text-editor.default\">\n\t\t\t\t\t\t\t\t\tDesarrollar soluciones tecnol\u00f3gicas integrales que optimicen los procesos administrativos municipales, garantizando transparencia, precisi\u00f3n y facilidad de uso. Trabajamos juntos a los gobiernos locales para fortalecer su capacidad operativa y fiscal, mejorando la experiencia de los contribuyentes y promover una gesti\u00f3n p\u00fablica m\u00e1s \u00e1gil y eficiente\t\t\t\t\t\t\t\t<\/div>\n\t\t\t\t<\/div>\n\t\t<div class=\"elementor-element elementor-element-046958a e-con-full e-flex e-con e-child\" data-id=\"046958a\" data-element_type=\"container\">\n\t\t\t\t<div class=\"elementor-element elementor-element-e3c0258 elementor-widget elementor-widget-heading\" data-id=\"e3c0258\" data-element_type=\"widget\" data-widget_type=\"heading.default\">\n\t\t\t\t\t<h2 class=\"elementor-heading-title elementor-size-default\">Visi\u00f3n:<\/h2>\t\t\t\t<\/div>\n\t\t\t\t<div class=\"elementor-element elementor-element-d293e4b elementor-widget elementor-widget-text-editor\" data-id=\"d293e4b\" data-element_type=\"widget\" data-widget_type=\"text-editor.default\">\n\t\t\t\t\t\t\t\t\t<p>Ser la plataforma l\u00edder en gesti\u00f3n administrativa municipal en Latinoam\u00e9rica, reconocida por su innovaci\u00f3n, confiabilidad y capacidad para modernizar la administraci\u00f3n p\u00fablica,facilitando ciudades m\u00e1s eficientes, transparentes y sostenibles.<\/p>\t\t\t\t\t\t\t\t<\/div>\n\t\t\t\t<\/div>\n\t\t\t\t\t<\/div>\n\t\t\t\t<\/div>\n\t\t<div class=\"elementor-element elementor-element-aacaf2e e-flex e-con-boxed elementor-invisible e-con e-parent\" data-id=\"aacaf2e\" data-element_type=\"container\" data-settings=\"{&quot;animation&quot;:&quot;fadeInLeft&quot;}\">\n\t\t\t\t\t<div class=\"e-con-inner\">\n\t\t\t\t<div class=\"elementor-element elementor-element-1298df6 elementor-widget elementor-widget-heading\" data-id=\"1298df6\" data-element_type=\"widget\" data-widget_type=\"heading.default\">\n\t\t\t\t\t<h2 class=\"elementor-heading-title elementor-size-default\">VALORES CORPORATIVOS<\/h2>\t\t\t\t<\/div>\n\t\t\t\t\t<\/div>\n\t\t\t\t<\/div>\n\t\t<div class=\"elementor-element elementor-element-0bf8469 e-grid e-con-boxed elementor-invisible e-con e-parent\" data-id=\"0bf8469\" data-element_type=\"container\" data-settings=\"{&quot;animation&quot;:&quot;fadeInRight&quot;}\">\n\t\t\t\t\t<div class=\"e-con-inner\">\n\t\t<div class=\"elementor-element elementor-element-1ea0cde e-con-full e-flex e-con e-child\" data-id=\"1ea0cde\" data-element_type=\"container\">\n\t\t\t\t<div class=\"elementor-element elementor-element-f523b10 elementor-widget elementor-widget-heading\" data-id=\"f523b10\" data-element_type=\"widget\" data-widget_type=\"heading.default\">\n\t\t\t\t\t<h2 class=\"elementor-heading-title elementor-size-default\">Transparencia<\/h2>\t\t\t\t<\/div>\n\t\t\t\t<div class=\"elementor-element elementor-element-a4200d0 elementor-widget elementor-widget-text-editor\" data-id=\"a4200d0\" data-element_type=\"widget\" data-widget_type=\"text-editor.default\">\n\t\t\t\t\t\t\t\t\tPromovemos soluciones que facilitan la claridad en los procesos administrativos y de recaudaci\u00f3n, fortaleciendo la confianza entre municipios y contribuyentes.\t\t\t\t\t\t\t\t<\/div>\n\t\t\t\t<\/div>\n\t\t<div class=\"elementor-element elementor-element-39f97cb e-con-full e-flex e-con e-child\" data-id=\"39f97cb\" data-element_type=\"container\">\n\t\t\t\t<div class=\"elementor-element elementor-element-cce2d3a elementor-widget elementor-widget-heading\" data-id=\"cce2d3a\" data-element_type=\"widget\" data-widget_type=\"heading.default\">\n\t\t\t\t\t<h2 class=\"elementor-heading-title elementor-size-default\">Innovaci\u00f3n<\/h2>\t\t\t\t<\/div>\n\t\t\t\t<div class=\"elementor-element elementor-element-94184ac elementor-widget elementor-widget-text-editor\" data-id=\"94184ac\" data-element_type=\"widget\" data-widget_type=\"text-editor.default\">\n\t\t\t\t\t\t\t\t\t<p>Impulsamos la transformaci\u00f3n digital con tecnolog\u00eda de punta, adaptable y segura.<\/p>\t\t\t\t\t\t\t\t<\/div>\n\t\t\t\t<\/div>\n\t\t<div class=\"elementor-element elementor-element-1f6f18c e-con-full e-flex e-con e-child\" data-id=\"1f6f18c\" data-element_type=\"container\">\n\t\t\t\t<div class=\"elementor-element elementor-element-2a9c6ca elementor-widget elementor-widget-heading\" data-id=\"2a9c6ca\" data-element_type=\"widget\" data-widget_type=\"heading.default\">\n\t\t\t\t\t<h2 class=\"elementor-heading-title elementor-size-default\">Responsabilidad P\u00fablica<\/h2>\t\t\t\t<\/div>\n\t\t\t\t<div class=\"elementor-element elementor-element-8f60137 elementor-widget elementor-widget-text-editor\" data-id=\"8f60137\" data-element_type=\"widget\" data-widget_type=\"text-editor.default\">\n\t\t\t\t\t\t\t\t\t<p>Entendemos el impacto social de la recaudaci\u00f3n municipal y trabajamos con integridad para apoyar la sostenibilidad de las ciudades.<\/p>\t\t\t\t\t\t\t\t<\/div>\n\t\t\t\t<\/div>\n\t\t<div class=\"elementor-element elementor-element-c035774 e-con-full e-flex e-con e-child\" data-id=\"c035774\" data-element_type=\"container\">\n\t\t\t\t<div class=\"elementor-element elementor-element-a579895 elementor-widget elementor-widget-heading\" data-id=\"a579895\" data-element_type=\"widget\" data-widget_type=\"heading.default\">\n\t\t\t\t\t<h2 class=\"elementor-heading-title elementor-size-default\">Orientaci\u00f3n al Cliente<\/h2>\t\t\t\t<\/div>\n\t\t\t\t<div class=\"elementor-element elementor-element-cb03b35 elementor-widget elementor-widget-text-editor\" data-id=\"cb03b35\" data-element_type=\"widget\" data-widget_type=\"text-editor.default\">\n\t\t\t\t\t\t\t\t\t<p>Colaboramos estrechamente con los municipios y sus equipos para garantizar soluciones ajustadas a sus necesidades reales.<\/p>\t\t\t\t\t\t\t\t<\/div>\n\t\t\t\t<\/div>\n\t\t<div class=\"elementor-element elementor-element-e72a64a e-con-full e-flex e-con e-child\" data-id=\"e72a64a\" data-element_type=\"container\">\n\t\t\t\t<div class=\"elementor-element elementor-element-78bbf4c elementor-widget elementor-widget-heading\" data-id=\"78bbf4c\" data-element_type=\"widget\" data-widget_type=\"heading.default\">\n\t\t\t\t\t<h2 class=\"elementor-heading-title elementor-size-default\">Seguridad y Cumplimiento<\/h2>\t\t\t\t<\/div>\n\t\t\t\t<div class=\"elementor-element elementor-element-7272b7d elementor-widget elementor-widget-text-editor\" data-id=\"7272b7d\" data-element_type=\"widget\" data-widget_type=\"text-editor.default\">\n\t\t\t\t\t\t\t\t\t<p>Protegemos la informaci\u00f3n fiscal y cumplimos con las normativas legales y<br \/>t\u00e9cnicas m\u00e1s exigentes.<\/p>\t\t\t\t\t\t\t\t<\/div>\n\t\t\t\t<\/div>\n\t\t<div class=\"elementor-element elementor-element-05d3958 e-con-full e-flex e-con e-child\" data-id=\"05d3958\" data-element_type=\"container\">\n\t\t\t\t<div class=\"elementor-element elementor-element-d0b038f elementor-widget elementor-widget-heading\" data-id=\"d0b038f\" data-element_type=\"widget\" data-widget_type=\"heading.default\">\n\t\t\t\t\t<h2 class=\"elementor-heading-title elementor-size-default\">Eficiencia Operativa<\/h2>\t\t\t\t<\/div>\n\t\t\t\t<div class=\"elementor-element elementor-element-37431dc elementor-widget elementor-widget-text-editor\" data-id=\"37431dc\" data-element_type=\"widget\" data-widget_type=\"text-editor.default\">\n\t\t\t\t\t\t\t\t\t<p>Optimizamos procesos internos y externos para ofrecer sistemas \u00e1giles, confiables<br \/>y f\u00e1ciles de usar.<\/p>\t\t\t\t\t\t\t\t<\/div>\n\t\t\t\t<\/div>\n\t\t\t\t\t<\/div>\n\t\t\t\t<\/div>\n\t\t<div class=\"elementor-element elementor-element-c083575 e-flex e-con-boxed elementor-invisible e-con e-parent\" data-id=\"c083575\" data-element_type=\"container\" data-settings=\"{&quot;animation&quot;:&quot;fadeInLeft&quot;}\">\n\t\t\t\t\t<div class=\"e-con-inner\">\n\t\t\t\t<div class=\"elementor-element elementor-element-c0d74ca elementor-widget elementor-widget-heading\" data-id=\"c0d74ca\" data-element_type=\"widget\" data-widget_type=\"heading.default\">\n\t\t\t\t\t<h2 class=\"elementor-heading-title elementor-size-default\">PROPUESTA DE VALOR<\/h2>\t\t\t\t<\/div>\n\t\t\t\t\t<\/div>\n\t\t\t\t<\/div>\n\t\t<div class=\"elementor-element elementor-element-6b36a75 e-grid e-con-boxed elementor-invisible e-con e-parent\" data-id=\"6b36a75\" data-element_type=\"container\" data-settings=\"{&quot;animation&quot;:&quot;fadeInRight&quot;}\">\n\t\t\t\t\t<div class=\"e-con-inner\">\n\t\t<div class=\"elementor-element elementor-element-623bd28 e-con-full e-flex e-con e-child\" data-id=\"623bd28\" data-element_type=\"container\">\n\t\t\t\t<div class=\"elementor-element elementor-element-841fa5b elementor-widget elementor-widget-heading\" data-id=\"841fa5b\" data-element_type=\"widget\" data-widget_type=\"heading.default\">\n\t\t\t\t\t<h2 class=\"elementor-heading-title elementor-size-default\">Para los municipios<\/h2>\t\t\t\t<\/div>\n\t\t\t\t<div class=\"elementor-element elementor-element-d2fa146 elementor-widget elementor-widget-text-editor\" data-id=\"d2fa146\" data-element_type=\"widget\" data-widget_type=\"text-editor.default\">\n\t\t\t\t\t\t\t\t\t<p>Una plataforma moderna y segura que incrementa la recaudaci\u00f3n reduce la carga administrativa y mejora la transparencia, permitiendo una gesti\u00f3n municipal y tributaria m\u00e1s eficiente y sostenible.<\/p>\t\t\t\t\t\t\t\t<\/div>\n\t\t\t\t<\/div>\n\t\t<div class=\"elementor-element elementor-element-de7ef34 e-con-full e-flex e-con e-child\" data-id=\"de7ef34\" data-element_type=\"container\">\n\t\t\t\t<div class=\"elementor-element elementor-element-e09aed2 elementor-widget elementor-widget-heading\" data-id=\"e09aed2\" data-element_type=\"widget\" data-widget_type=\"heading.default\">\n\t\t\t\t\t<h2 class=\"elementor-heading-title elementor-size-default\">Para los funcionarios municipales<\/h2>\t\t\t\t<\/div>\n\t\t\t\t<div class=\"elementor-element elementor-element-df0b43c elementor-widget elementor-widget-text-editor\" data-id=\"df0b43c\" data-element_type=\"widget\" data-widget_type=\"text-editor.default\">\n\t\t\t\t\t\t\t\t\t<p>Un sistema intuitivo que simplifica tr\u00e1mites, automatiza procesos repetitivos, y proporciona reportes claros para toma de decisiones.<\/p>\t\t\t\t\t\t\t\t<\/div>\n\t\t\t\t<\/div>\n\t\t<div class=\"elementor-element elementor-element-2d82253 e-con-full e-flex e-con e-child\" data-id=\"2d82253\" data-element_type=\"container\">\n\t\t\t\t<div class=\"elementor-element elementor-element-397c7e2 elementor-widget elementor-widget-heading\" data-id=\"397c7e2\" data-element_type=\"widget\" data-widget_type=\"heading.default\">\n\t\t\t\t\t<h2 class=\"elementor-heading-title elementor-size-default\">Para los contribuyentes<\/h2>\t\t\t\t<\/div>\n\t\t\t\t<div class=\"elementor-element elementor-element-df805f9 elementor-widget elementor-widget-text-editor\" data-id=\"df805f9\" data-element_type=\"widget\" data-widget_type=\"text-editor.default\">\n\t\t\t\t\t\t\t\t\t<p>Una experiencia digital \u00e1gil que facilita el cumplimiento fiscal mediante pagos en<br \/>l\u00ednea, recordatorios, notificaciones y acceso claro a sus obligaciones.<\/p>\t\t\t\t\t\t\t\t<\/div>\n\t\t\t\t<\/div>\n\t\t\t\t\t<\/div>\n\t\t\t\t<\/div>\n\t\t\t\t<\/div>\n\t\t","protected":false},"excerpt":{"rendered":"<p>Nosotros Panama Asesores, S.A., es una empresa paname\u00f1a con m\u00e1s de 15 a\u00f1os en el mercado local e internacional, con presencia comercial en Centro y Sur Am\u00e9rica, prest\u00e1ndole servicios digitales y soluciones tecnol\u00f3gicas a diferentes Gobiernos Locales ya sea Municipales y\/o Gobernaciones. Misi\u00f3n Desarrollar soluciones tecnol\u00f3gicas integrales que optimicen los procesos administrativos municipales, garantizando transparencia, [&hellip;]<\/p>\n","protected":false},"author":1,"featured_media":0,"parent":0,"menu_order":0,"comment_status":"closed","ping_status":"closed","template":"","meta":{"footnotes":""},"_links":{"self":[{"href":"https:\/\/e-munis.com\/index.php?rest_route=\/wp\/v2\/pages\/488"}],"collection":[{"href":"https:\/\/e-munis.com\/index.php?rest_route=\/wp\/v2\/pages"}],"about":[{"href":"https:\/\/e-munis.com\/index.php?rest_route=\/wp\/v2\/types\/page"}],"author":[{"embeddable":true,"href":"https:\/\/e-munis.com\/index.php?rest_route=\/wp\/v2\/users\/1"}],"replies":[{"embeddable":true,"href":"https:\/\/e-munis.com\/index.php?rest_route=%2Fwp%2Fv2%2Fcomments&post=488"}],"version-history":[{"count":5,"href":"https:\/\/e-munis.com\/index.php?rest_route=\/wp\/v2\/pages\/488\/revisions"}],"predecessor-version":[{"id":522,"href":"https:\/\/e-munis.com\/index.php?rest_route=\/wp\/v2\/pages\/488\/revisions\/522"}],"wp:attachment":[{"href":"https:\/\/e-munis.com\/index.php?rest_route=%2Fwp%2Fv2%2Fmedia&parent=488"}],"curies":[{"name":"wp","href":"https:\/\/api.w.org\/{rel}","templated":true}]}}